{"id":917,"date":"2025-09-22T18:33:59","date_gmt":"2025-09-22T23:33:59","guid":{"rendered":"https:\/\/naturalgproducts.com\/?post_type=product&#038;p=917"},"modified":"2025-09-29T15:54:09","modified_gmt":"2025-09-29T20:54:09","slug":"frutysnack-frutos-verdes","status":"publish","type":"product","link":"https:\/\/naturalgproducts.com\/index.php\/producto\/frutysnack-frutos-verdes\/","title":{"rendered":"FrutySnack Frutos Verdes 30gr"},"content":{"rendered":"<p>Snacks de fruta deshidratada, comb\u00ednalos con tus recetas favoritas o disfr\u00fatalos solos. Sorprende a tus hijos con este delicioso Snack en su lonchera.<\/p>\n<h3>No contiene azucares a\u00f1adidos ni conservantes<\/h3>\n","protected":false},"excerpt":{"rendered":"<p>Fruta deshidratada: Manzana verde, Pera, Kiwi<\/p>\n<p><strong>No contiene azucares a\u00f1adidos ni conservantes<\/strong><\/p>\n","protected":false},"featured_media":919,"comment_status":"open","ping_status":"closed","template":"","meta":[],"product_brand":[],"product_cat":[15],"product_tag":[],"class_list":{"0":"post-917","1":"product","2":"type-product","3":"status-publish","4":"has-post-thumbnail","6":"product_cat-natural-green","8":"first","9":"instock","10":"taxable","11":"shipping-taxable","12":"purchasable","13":"product-type-simple"},"yoast_head":"<!-- This site is optimized with the Yoast SEO plugin v27.4 - https:\/\/yoast.com\/product\/yoast-seo-wordpress\/ -->\n<title>FrutySnack Frutos Verdes 30gr - Natural Green Products<\/title>\n<meta name=\"description\" content=\"Snacks de fruta deshidratada, comb\u00ednalos con tus recetas favoritas o disfr\u00fatalos solos. Sorprende a tus hijos con este delicioso Snack en su lonchera.No contiene azucares a\u00f1adidos ni conservantes\" \/>\n<meta name=\"robots\" content=\"index, follow, max-snippet:-1, max-image-preview:large, max-video-preview:-1\" \/>\n<link rel=\"canonical\" href=\"https:\/\/naturalgproducts.com\/index.php\/producto\/frutysnack-frutos-verdes\/\" \/>\n<meta property=\"og:locale\" content=\"es_ES\" \/>\n<meta property=\"og:type\" content=\"article\" \/>\n<meta property=\"og:title\" content=\"FrutySnack Frutos Verdes 30gr - Natural Green Products\" \/>\n<meta property=\"og:description\" content=\"Snacks de fruta deshidratada, comb\u00ednalos con tus recetas favoritas o disfr\u00fatalos solos. Sorprende a tus hijos con este delicioso Snack en su lonchera.No contiene azucares a\u00f1adidos ni conservantes\" \/>\n<meta property=\"og:url\" content=\"https:\/\/naturalgproducts.com\/index.php\/producto\/frutysnack-frutos-verdes\/\" \/>\n<meta property=\"og:site_name\" content=\"Natural Green Products\" \/>\n<meta property=\"article:publisher\" content=\"https:\/\/www.facebook.com\/naturalgproducts\/\" \/>\n<meta property=\"article:modified_time\" content=\"2025-09-29T20:54:09+00:00\" \/>\n<meta property=\"og:image\" content=\"https:\/\/naturalgproducts.com\/wp-content\/uploads\/2025\/09\/2-1.webp\" \/>\n\t<meta property=\"og:image:width\" content=\"1080\" \/>\n\t<meta property=\"og:image:height\" content=\"1080\" \/>\n\t<meta property=\"og:image:type\" content=\"image\/webp\" \/>\n<meta name=\"twitter:card\" content=\"summary_large_image\" \/>\n<meta name=\"twitter:label1\" content=\"Tiempo de lectura\" \/>\n\t<meta name=\"twitter:data1\" content=\"1 minuto\" \/>\n<script type=\"application\/ld+json\" class=\"yoast-schema-graph\">{\"@context\":\"https:\\\/\\\/schema.org\",\"@graph\":[{\"@type\":\"WebPage\",\"@id\":\"https:\\\/\\\/naturalgproducts.com\\\/index.php\\\/producto\\\/frutysnack-frutos-verdes\\\/\",\"url\":\"https:\\\/\\\/naturalgproducts.com\\\/index.php\\\/producto\\\/frutysnack-frutos-verdes\\\/\",\"name\":\"FrutySnack Frutos Verdes 30gr - Natural Green Products\",\"isPartOf\":{\"@id\":\"https:\\\/\\\/naturalgproducts.com\\\/#website\"},\"primaryImageOfPage\":{\"@id\":\"https:\\\/\\\/naturalgproducts.com\\\/index.php\\\/producto\\\/frutysnack-frutos-verdes\\\/#primaryimage\"},\"image\":{\"@id\":\"https:\\\/\\\/naturalgproducts.com\\\/index.php\\\/producto\\\/frutysnack-frutos-verdes\\\/#primaryimage\"},\"thumbnailUrl\":\"https:\\\/\\\/i0.wp.com\\\/naturalgproducts.com\\\/wp-content\\\/uploads\\\/2025\\\/09\\\/2-1.webp?fit=1080%2C1080&ssl=1\",\"datePublished\":\"2025-09-22T23:33:59+00:00\",\"dateModified\":\"2025-09-29T20:54:09+00:00\",\"description\":\"Snacks de fruta deshidratada, comb\u00ednalos con tus recetas favoritas o disfr\u00fatalos solos. Sorprende a tus hijos con este delicioso Snack en su lonchera.No contiene azucares a\u00f1adidos ni conservantes\",\"breadcrumb\":{\"@id\":\"https:\\\/\\\/naturalgproducts.com\\\/index.php\\\/producto\\\/frutysnack-frutos-verdes\\\/#breadcrumb\"},\"inLanguage\":\"es-CO\",\"potentialAction\":[{\"@type\":\"ReadAction\",\"target\":[\"https:\\\/\\\/naturalgproducts.com\\\/index.php\\\/producto\\\/frutysnack-frutos-verdes\\\/\"]}]},{\"@type\":\"ImageObject\",\"inLanguage\":\"es-CO\",\"@id\":\"https:\\\/\\\/naturalgproducts.com\\\/index.php\\\/producto\\\/frutysnack-frutos-verdes\\\/#primaryimage\",\"url\":\"https:\\\/\\\/i0.wp.com\\\/naturalgproducts.com\\\/wp-content\\\/uploads\\\/2025\\\/09\\\/2-1.webp?fit=1080%2C1080&ssl=1\",\"contentUrl\":\"https:\\\/\\\/i0.wp.com\\\/naturalgproducts.com\\\/wp-content\\\/uploads\\\/2025\\\/09\\\/2-1.webp?fit=1080%2C1080&ssl=1\",\"width\":1080,\"height\":1080},{\"@type\":\"BreadcrumbList\",\"@id\":\"https:\\\/\\\/naturalgproducts.com\\\/index.php\\\/producto\\\/frutysnack-frutos-verdes\\\/#breadcrumb\",\"itemListElement\":[{\"@type\":\"ListItem\",\"position\":1,\"name\":\"Home\",\"item\":\"https:\\\/\\\/naturalgproducts.com\\\/\"},{\"@type\":\"ListItem\",\"position\":2,\"name\":\"Tienda\",\"item\":\"https:\\\/\\\/naturalgproducts.com\\\/index.php\\\/tienda\\\/\"},{\"@type\":\"ListItem\",\"position\":3,\"name\":\"FrutySnack Frutos Verdes 30gr\"}]},{\"@type\":\"WebSite\",\"@id\":\"https:\\\/\\\/naturalgproducts.com\\\/#website\",\"url\":\"https:\\\/\\\/naturalgproducts.com\\\/\",\"name\":\"Natural Green Products\",\"description\":\"\",\"publisher\":{\"@id\":\"https:\\\/\\\/naturalgproducts.com\\\/#organization\"},\"potentialAction\":[{\"@type\":\"SearchAction\",\"target\":{\"@type\":\"EntryPoint\",\"urlTemplate\":\"https:\\\/\\\/naturalgproducts.com\\\/?s={search_term_string}\"},\"query-input\":{\"@type\":\"PropertyValueSpecification\",\"valueRequired\":true,\"valueName\":\"search_term_string\"}}],\"inLanguage\":\"es-CO\"},{\"@type\":\"Organization\",\"@id\":\"https:\\\/\\\/naturalgproducts.com\\\/#organization\",\"name\":\"Natural Green Products\",\"url\":\"https:\\\/\\\/naturalgproducts.com\\\/\",\"logo\":{\"@type\":\"ImageObject\",\"inLanguage\":\"es-CO\",\"@id\":\"https:\\\/\\\/naturalgproducts.com\\\/#\\\/schema\\\/logo\\\/image\\\/\",\"url\":\"https:\\\/\\\/i0.wp.com\\\/naturalgproducts.com\\\/wp-content\\\/uploads\\\/2022\\\/01\\\/cropped-Nuevo-logo.png?fit=1280%2C1280&ssl=1\",\"contentUrl\":\"https:\\\/\\\/i0.wp.com\\\/naturalgproducts.com\\\/wp-content\\\/uploads\\\/2022\\\/01\\\/cropped-Nuevo-logo.png?fit=1280%2C1280&ssl=1\",\"width\":1280,\"height\":1280,\"caption\":\"Natural Green Products\"},\"image\":{\"@id\":\"https:\\\/\\\/naturalgproducts.com\\\/#\\\/schema\\\/logo\\\/image\\\/\"},\"sameAs\":[\"https:\\\/\\\/www.facebook.com\\\/naturalgproducts\\\/\",\"https:\\\/\\\/www.instagram.com\\\/naturalgreenproducts\\\/\"]}]}<\/script>\n<!-- \/ Yoast SEO plugin. -->","yoast_head_json":{"title":"FrutySnack Frutos Verdes 30gr - Natural Green Products","description":"Snacks de fruta deshidratada, comb\u00ednalos con tus recetas favoritas o disfr\u00fatalos solos. Sorprende a tus hijos con este delicioso Snack en su lonchera.No contiene azucares a\u00f1adidos ni conservantes","robots":{"index":"index","follow":"follow","max-snippet":"max-snippet:-1","max-image-preview":"max-image-preview:large","max-video-preview":"max-video-preview:-1"},"canonical":"https:\/\/naturalgproducts.com\/index.php\/producto\/frutysnack-frutos-verdes\/","og_locale":"es_ES","og_type":"article","og_title":"FrutySnack Frutos Verdes 30gr - Natural Green Products","og_description":"Snacks de fruta deshidratada, comb\u00ednalos con tus recetas favoritas o disfr\u00fatalos solos. Sorprende a tus hijos con este delicioso Snack en su lonchera.No contiene azucares a\u00f1adidos ni conservantes","og_url":"https:\/\/naturalgproducts.com\/index.php\/producto\/frutysnack-frutos-verdes\/","og_site_name":"Natural Green Products","article_publisher":"https:\/\/www.facebook.com\/naturalgproducts\/","article_modified_time":"2025-09-29T20:54:09+00:00","og_image":[{"width":1080,"height":1080,"url":"https:\/\/naturalgproducts.com\/wp-content\/uploads\/2025\/09\/2-1.webp","type":"image\/webp"}],"twitter_card":"summary_large_image","twitter_misc":{"Tiempo de lectura":"1 minuto"},"schema":{"@context":"https:\/\/schema.org","@graph":[{"@type":"WebPage","@id":"https:\/\/naturalgproducts.com\/index.php\/producto\/frutysnack-frutos-verdes\/","url":"https:\/\/naturalgproducts.com\/index.php\/producto\/frutysnack-frutos-verdes\/","name":"FrutySnack Frutos Verdes 30gr - Natural Green Products","isPartOf":{"@id":"https:\/\/naturalgproducts.com\/#website"},"primaryImageOfPage":{"@id":"https:\/\/naturalgproducts.com\/index.php\/producto\/frutysnack-frutos-verdes\/#primaryimage"},"image":{"@id":"https:\/\/naturalgproducts.com\/index.php\/producto\/frutysnack-frutos-verdes\/#primaryimage"},"thumbnailUrl":"https:\/\/i0.wp.com\/naturalgproducts.com\/wp-content\/uploads\/2025\/09\/2-1.webp?fit=1080%2C1080&ssl=1","datePublished":"2025-09-22T23:33:59+00:00","dateModified":"2025-09-29T20:54:09+00:00","description":"Snacks de fruta deshidratada, comb\u00ednalos con tus recetas favoritas o disfr\u00fatalos solos. Sorprende a tus hijos con este delicioso Snack en su lonchera.No contiene azucares a\u00f1adidos ni conservantes","breadcrumb":{"@id":"https:\/\/naturalgproducts.com\/index.php\/producto\/frutysnack-frutos-verdes\/#breadcrumb"},"inLanguage":"es-CO","potentialAction":[{"@type":"ReadAction","target":["https:\/\/naturalgproducts.com\/index.php\/producto\/frutysnack-frutos-verdes\/"]}]},{"@type":"ImageObject","inLanguage":"es-CO","@id":"https:\/\/naturalgproducts.com\/index.php\/producto\/frutysnack-frutos-verdes\/#primaryimage","url":"https:\/\/i0.wp.com\/naturalgproducts.com\/wp-content\/uploads\/2025\/09\/2-1.webp?fit=1080%2C1080&ssl=1","contentUrl":"https:\/\/i0.wp.com\/naturalgproducts.com\/wp-content\/uploads\/2025\/09\/2-1.webp?fit=1080%2C1080&ssl=1","width":1080,"height":1080},{"@type":"BreadcrumbList","@id":"https:\/\/naturalgproducts.com\/index.php\/producto\/frutysnack-frutos-verdes\/#breadcrumb","itemListElement":[{"@type":"ListItem","position":1,"name":"Home","item":"https:\/\/naturalgproducts.com\/"},{"@type":"ListItem","position":2,"name":"Tienda","item":"https:\/\/naturalgproducts.com\/index.php\/tienda\/"},{"@type":"ListItem","position":3,"name":"FrutySnack Frutos Verdes 30gr"}]},{"@type":"WebSite","@id":"https:\/\/naturalgproducts.com\/#website","url":"https:\/\/naturalgproducts.com\/","name":"Natural Green Products","description":"","publisher":{"@id":"https:\/\/naturalgproducts.com\/#organization"},"potentialAction":[{"@type":"SearchAction","target":{"@type":"EntryPoint","urlTemplate":"https:\/\/naturalgproducts.com\/?s={search_term_string}"},"query-input":{"@type":"PropertyValueSpecification","valueRequired":true,"valueName":"search_term_string"}}],"inLanguage":"es-CO"},{"@type":"Organization","@id":"https:\/\/naturalgproducts.com\/#organization","name":"Natural Green Products","url":"https:\/\/naturalgproducts.com\/","logo":{"@type":"ImageObject","inLanguage":"es-CO","@id":"https:\/\/naturalgproducts.com\/#\/schema\/logo\/image\/","url":"https:\/\/i0.wp.com\/naturalgproducts.com\/wp-content\/uploads\/2022\/01\/cropped-Nuevo-logo.png?fit=1280%2C1280&ssl=1","contentUrl":"https:\/\/i0.wp.com\/naturalgproducts.com\/wp-content\/uploads\/2022\/01\/cropped-Nuevo-logo.png?fit=1280%2C1280&ssl=1","width":1280,"height":1280,"caption":"Natural Green Products"},"image":{"@id":"https:\/\/naturalgproducts.com\/#\/schema\/logo\/image\/"},"sameAs":["https:\/\/www.facebook.com\/naturalgproducts\/","https:\/\/www.instagram.com\/naturalgreenproducts\/"]}]}},"jetpack-related-posts":[],"jetpack_sharing_enabled":true,"_links":{"self":[{"href":"https:\/\/naturalgproducts.com\/index.php\/wp-json\/wp\/v2\/product\/917","targetHints":{"allow":["GET"]}}],"collection":[{"href":"https:\/\/naturalgproducts.com\/index.php\/wp-json\/wp\/v2\/product"}],"about":[{"href":"https:\/\/naturalgproducts.com\/index.php\/wp-json\/wp\/v2\/types\/product"}],"replies":[{"embeddable":true,"href":"https:\/\/naturalgproducts.com\/index.php\/wp-json\/wp\/v2\/comments?post=917"}],"wp:featuredmedia":[{"embeddable":true,"href":"https:\/\/naturalgproducts.com\/index.php\/wp-json\/wp\/v2\/media\/919"}],"wp:attachment":[{"href":"https:\/\/naturalgproducts.com\/index.php\/wp-json\/wp\/v2\/media?parent=917"}],"wp:term":[{"taxonomy":"product_brand","embeddable":true,"href":"https:\/\/naturalgproducts.com\/index.php\/wp-json\/wp\/v2\/product_brand?post=917"},{"taxonomy":"product_cat","embeddable":true,"href":"https:\/\/naturalgproducts.com\/index.php\/wp-json\/wp\/v2\/product_cat?post=917"},{"taxonomy":"product_tag","embeddable":true,"href":"https:\/\/naturalgproducts.com\/index.php\/wp-json\/wp\/v2\/product_tag?post=917"}],"curies":[{"name":"wp","href":"https:\/\/api.w.org\/{rel}","templated":true}]}}